{"id":273,"date":"2018-05-23T08:43:36","date_gmt":"2018-05-23T08:43:36","guid":{"rendered":"https:\/\/sabinesonnabend.wordpress.com\/?page_id=273"},"modified":"2020-01-17T13:33:52","modified_gmt":"2020-01-17T13:33:52","slug":"impressum-2","status":"publish","type":"page","link":"https:\/\/sabinesonnabend.de\/?page_id=273","title":{"rendered":"Impressum"},"content":{"rendered":"<section class=\"ce_colsetStart subcolumns colcount_2\">\n<div class=\"c50l col_1 first\">\n<div class=\"subcl\">\n<div class=\"ce_text block\">Sabine Sonnabend<\/div>\n<div class=\"ce_text block\">Systemische Paar- und Familientherapeutin (DGSF)<br \/>\nSalzstra\u00dfe 10<br \/>\n82266 Inning<br \/>\nTelefon: 0151\/5949694<\/div>\n<div>\n<p>eMail: info@sabinesonnabend.de<\/p>\n<\/div>\n<p>Ich bin Kleinunternehmer nach \u00a719 Umsatzsteuergesetz. Umsatzsteuer wird deshalb nicht erhoben. Zum Ausweis von Umsatzsteuer bin ich per Gesetz nicht berechtigt.<\/p>\n<\/div>\n<\/div>\n<\/section>\n<p>Konzept, Realisation &amp; Design der Website:<br \/>\nHolger Breit \/ WordPress<\/p>\n<p>Fotografie: Amelie Sonnabend<\/p>\n<p style=\"text-align: justify;\"><strong>Haftungshinweis<\/strong><br \/>\nTrotz sorgf\u00e4ltiger inhaltlicher Kontrolle \u00fcbernehmen wir keine Haftung f\u00fcr die Inhalte externer Links. F\u00fcr den Inhalt der verlinkten Seiten sind ausschlie\u00dflich deren Betreiber verantwortlich.<\/p>\n<p style=\"text-align: justify;\"><strong>Haftung f\u00fcr Inhalte<\/strong><br \/>\nDie Inhalte unserer Seiten wurden mit gr\u00f6\u00dfter Sorgfalt erstellt. F\u00fcr die Richtigkeit, Vollst\u00e4ndigkeit und Aktualit\u00e4t der Inhalte k\u00f6nnen wir jedoch keine Gew\u00e4hr \u00fcbernehmen. Als Diensteanbieter sind wir gem\u00e4\u00df \u00a7 7 Abs.1 TMG f\u00fcr eigene Inhalte auf diesen Seiten nach den allgemeinen Gesetzen verantwortlich. Nach \u00a7\u00a7 8 bis 10 TMG sind wir als Diensteanbieter jedoch nicht verpflichtet, \u00fcbermittelte oder gespeicherte fremde Informationen zu \u00fcberwachen oder nach Umst\u00e4nden zu forschen, die auf eine rechtswidrige T\u00e4tigkeit hinweisen. Verpflichtungen zur Entfernung oder Sperrung der Nutzung von Informationen nach den allgemeinen Gesetzen bleiben hiervon unber\u00fchrt. Eine diesbez\u00fcgliche Haftung ist jedoch erst ab dem Zeitpunkt der Kenntnis einer konkreten Rechtsverletzung m\u00f6glich. Bei Bekanntwerden von entsprechenden Rechtsverletzungen werden wir diese Inhalte umgehend entfernen.<\/p>\n<p style=\"text-align: justify;\"><strong>Haftung f\u00fcr Links<\/strong><br \/>\nUnser Angebot enth\u00e4lt Links zu externen Webseiten Dritter, auf deren Inhalte wir keinen Einfluss haben. Deshalb k\u00f6nnen wir f\u00fcr diese fremden Inhalte auch keine Gew\u00e4hr \u00fcbernehmen. F\u00fcr die Inhalte der verlinkten Seiten ist stets der jeweilige Anbieter oder Betreiber der Seiten verantwortlich. Die verlinkten Seiten wurden zum Zeitpunkt der Verlinkung auf m\u00f6gliche Rechtsverst\u00f6\u00dfe \u00fcberpr\u00fcft. Rechtswidrige Inhalte waren zum Zeitpunkt der Verlinkung nicht erkennbar. Eine permanente inhaltliche Kontrolle der verlinkten Seiten ist jedoch ohne konkrete Anhaltspunkte einer Rechtsverletzung nicht zumutbar. Bei Bekanntwerden von Rechtsverletzungen werden wir derartige Links umgehend entfernen.<\/p>\n<p style=\"text-align: justify;\"><strong>Datenschutz<\/strong><br \/>\nDie Nutzung unserer Webseite ist in der Regel ohne Angabe personenbezogener Daten m\u00f6glich. Soweit auf unseren Seiten personenbezogene Daten (beispielsweise Name, Anschrift oder eMail-Adressen) erhoben werden, erfolgt dies, soweit m\u00f6glich, stets auf freiwilliger Basis. Diese Daten werden ohne Ihre ausdr\u00fcckliche Zustimmung nicht an Dritte weitergegeben. Bei Ihrer Kontaktaufnahme mit uns per Telefon, eMail, Fax oder \u00fcber das Kontaktformular, werden die von Ihnen mitgeteilten Daten von uns gespeichert, um Ihre Fragen zu beantworten. Die in diesem Zusammenhang anfallenden Daten l\u00f6schen wir, nachdem die Speicherung nicht mehr erforderlich ist. Sie haben bez\u00fcglich Ihrer personenbezogenen Daten jederzeit das Recht auf Auskunft, auf Berichtigung und L\u00f6schung. Zudem steht Ihnen ein Beschwerderecht bei einer Datenschutz-Aufsichtsbeh\u00f6rde zu.<br \/>\nWir weisen darauf hin, dass die Daten\u00fcbertragung im Internet (z.B. bei der Kommunikation per eMail) Sicherheitsl\u00fccken aufweisen kann. Ein l\u00fcckenloser Schutz der Daten vor dem Zugriff durch Dritte ist nicht m\u00f6glich.<br \/>\nDer Nutzung von im Rahmen der Impressumspflicht ver\u00f6ffentlichten Kontaktdaten durch Dritte zur \u00dcbersendung von nicht ausdr\u00fccklich angeforderter Werbung und Informationsmaterialien wird hiermit ausdr\u00fccklich widersprochen. Die Betreiber der Seiten behalten sich ausdr\u00fccklich rechtliche Schritte im Falle der unverlangten Zusendung von Werbeinformationen, etwa durch Spam-Mails, vor.<\/p>\n<p style=\"text-align: justify;\">Quelle: eRecht24.de<\/p>\n<p style=\"text-align: justify;\"><strong>Datenschutzhinweis<\/strong><\/p>\n<p style=\"text-align: justify;\">Erhebung, Verarbeitung und Nutzung personenbezogener Daten<br \/>\nDer Schutz Ihrer Daten ist uns wichtig. Der Besuch unserer Webseite setzt die Eingabe von Daten generell nicht voraus. Wir selbst setzen auf unserer Webseite keine Cookies ein und speichern keine IP-Adressen. Ihre Daten werden nach der EU-Datenschutz-Grundverordnung behandelt.<\/p>\n<p style=\"text-align: justify;\"><strong>Vertraulichkeit<br \/>\n<\/strong>Wir behandeln ihre personenbezogenen Daten streng vertraulich und geben Ihre Daten selbstverst\u00e4ndlich nicht an Dritte weiter, sofern dies im unmittelbaren Zusammenhang mit einer Vertragsdurchf\u00fchrung erforderlich ist, holen wir dazu ihre schriftliche Zustimmung ein.<\/p>\n","protected":false},"excerpt":{"rendered":"<p>Sabine Sonnabend Systemische Paar- und Familientherapeutin (DGSF) Salzstra\u00dfe 10 82266 Inning Telefon: 0151\/5949694 eMail: info@sabinesonnabend.de Ich bin Kleinunternehmer nach \u00a719 Umsatzsteuergesetz. Umsatzsteuer wird deshalb nicht erhoben. Zum Ausweis von Umsatzsteuer bin ich per Gesetz nicht berechtigt. Konzept, Realisation &amp; Design der Website: Holger Breit \/ WordPress Fotografie: Amelie Sonnabend Haftungshinweis Trotz sorgf\u00e4ltiger inhaltlicher Kontrolle \u00fcbernehmen &hellip; <a href=\"https:\/\/sabinesonnabend.de\/?page_id=273\" class=\"more-link\"><span class=\"screen-reader-text\">Impressum<\/span> weiterlesen<\/a><\/p>\n","protected":false},"author":1,"featured_media":0,"parent":0,"menu_order":0,"comment_status":"closed","ping_status":"closed","template":"nosidebar-page.php","meta":{"footnotes":""},"class_list":["post-273","page","type-page","status-publish","hentry"],"_links":{"self":[{"href":"https:\/\/sabinesonnabend.de\/index.php?rest_route=\/wp\/v2\/pages\/273","targetHints":{"allow":["GET"]}}],"collection":[{"href":"https:\/\/sabinesonnabend.de\/index.php?rest_route=\/wp\/v2\/pages"}],"about":[{"href":"https:\/\/sabinesonnabend.de\/index.php?rest_route=\/wp\/v2\/types\/page"}],"author":[{"embeddable":true,"href":"https:\/\/sabinesonnabend.de\/index.php?rest_route=\/wp\/v2\/users\/1"}],"replies":[{"embeddable":true,"href":"https:\/\/sabinesonnabend.de\/index.php?rest_route=%2Fwp%2Fv2%2Fcomments&post=273"}],"version-history":[{"count":7,"href":"https:\/\/sabinesonnabend.de\/index.php?rest_route=\/wp\/v2\/pages\/273\/revisions"}],"predecessor-version":[{"id":404,"href":"https:\/\/sabinesonnabend.de\/index.php?rest_route=\/wp\/v2\/pages\/273\/revisions\/404"}],"wp:attachment":[{"href":"https:\/\/sabinesonnabend.de\/index.php?rest_route=%2Fwp%2Fv2%2Fmedia&parent=273"}],"curies":[{"name":"wp","href":"https:\/\/api.w.org\/{rel}","templated":true}]}}