{"id":33,"date":"2018-05-22T07:32:49","date_gmt":"2018-05-22T07:32:49","guid":{"rendered":"https:\/\/sabinesonnabend.wordpress.com\/?page_id=2"},"modified":"2018-06-04T14:24:55","modified_gmt":"2018-06-04T14:24:55","slug":"uber","status":"publish","type":"page","link":"https:\/\/sabinesonnabend.de\/?page_id=33","title":{"rendered":"Therapie &#038; Beratung"},"content":{"rendered":"<h3><span style=\"color: #993300;\"><span style=\"color: #800000;\">Systemische Einzelberatung<\/span><br \/>\n<\/span><\/h3>\n<p style=\"text-align: justify;\">Das was wir sind, sind wir durch Beziehungen geworden. Unsere F\u00e4higkeiten und Ressourcen sind in Konflikt- und Krisensituationen \u00fcberlagert von blockierenden Erfahrungen, Glaubenss\u00e4tzen, Gef\u00fchlen und Wertvorstellungen. Kr\u00e4fte und Entwicklungsf\u00e4higkeiten scheinen verbaut. Systemische Beratung nimmt sensibel wahr, veranschaulicht durch erlebnisorientierte und visualisierende Methoden, wie z.B. mithilfe der Lebensflussarbeit und der Skulpturarbeit, schafft Klarheit, f\u00f6rdert erw\u00fcnschte innere Prozesse, aktiviert Ressourcen und ermutigt zum Handeln. Der Klient und sein Familiensystem bleibt der Experte f\u00fcr die L\u00f6sung.<\/p>\n<p><img loading=\"lazy\" decoding=\"async\" class=\"alignnone size-full wp-image-267\" src=\"https:\/\/sabinesonnabend.de\/wp-content\/uploads\/2018\/05\/figuren_einzelberatung_011.jpg\" alt=\"Figuren_Einzelberatung_01\" width=\"1920\" height=\"1024\" srcset=\"https:\/\/sabinesonnabend.de\/wp-content\/uploads\/2018\/05\/figuren_einzelberatung_011.jpg 1920w, https:\/\/sabinesonnabend.de\/wp-content\/uploads\/2018\/05\/figuren_einzelberatung_011-300x160.jpg 300w, https:\/\/sabinesonnabend.de\/wp-content\/uploads\/2018\/05\/figuren_einzelberatung_011-768x410.jpg 768w, https:\/\/sabinesonnabend.de\/wp-content\/uploads\/2018\/05\/figuren_einzelberatung_011-1024x546.jpg 1024w, https:\/\/sabinesonnabend.de\/wp-content\/uploads\/2018\/05\/figuren_einzelberatung_011-676x361.jpg 676w\" sizes=\"auto, (max-width: 1920px) 100vw, 1920px\" \/><\/p>\n<h3 style=\"text-align: left;\"><span style=\"color: #800000;\">Systemische Paarberatung<\/span><\/h3>\n<p style=\"text-align: justify;\">Die Wahrheit beginnt zu zweit. Beziehung l\u00e4sst uns \u00fcber uns hinauswachsen und zugleich kann sie tief kr\u00e4nken. Sie bringt zum Vorschein, was uns nicht bewusst war. Im Gegen\u00fcber werden ungel\u00f6ste Konflikte wiederbelebt, die mit den eigenen Beziehungserfahrungen zu tun haben. Systemische Paarberatung versucht wertsch\u00e4tzend f\u00f6rdernde Beziehungserfahrung zu aktivieren und hemmende zu integrieren. Hilfreiche L\u00f6sungen entwickeln sich durch die Bewusstmachung und Aktivierung von Ressourcen und die Wiederbelebung der Paarvision.<\/p>\n<h3><img loading=\"lazy\" decoding=\"async\" class=\"alignnone size-full wp-image-269\" src=\"https:\/\/sabinesonnabend.de\/wp-content\/uploads\/2018\/05\/systemische_paarberatung_011.jpg\" alt=\"Systemische_Paarberatung_01\" width=\"1920\" height=\"1024\" srcset=\"https:\/\/sabinesonnabend.de\/wp-content\/uploads\/2018\/05\/systemische_paarberatung_011.jpg 1920w, https:\/\/sabinesonnabend.de\/wp-content\/uploads\/2018\/05\/systemische_paarberatung_011-300x160.jpg 300w, https:\/\/sabinesonnabend.de\/wp-content\/uploads\/2018\/05\/systemische_paarberatung_011-768x410.jpg 768w, https:\/\/sabinesonnabend.de\/wp-content\/uploads\/2018\/05\/systemische_paarberatung_011-1024x546.jpg 1024w, https:\/\/sabinesonnabend.de\/wp-content\/uploads\/2018\/05\/systemische_paarberatung_011-676x361.jpg 676w\" sizes=\"auto, (max-width: 1920px) 100vw, 1920px\" \/><\/h3>\n<h3><span style=\"color: #800000;\">Systemische Familienberatung und Familientherapie<\/span><\/h3>\n<p style=\"text-align: justify;\">Die Herausforderung in der Familie Wachstum zu f\u00f6rdern und Werte zu integrieren ist gerade in unserer leistungsorientierten und digitalisierten Zeit f\u00fcr uns schwer geworden. Wir f\u00fchlen uns nicht mehr ausreichend verbunden, sind durch st\u00e4ndige Ver\u00e4nderungen und sich erh\u00f6hende Leistungsanforderungen stark belastet. Systemische Familienberatung kann hilfreiche Perspektiven er\u00f6ffnen, Wachstumskr\u00e4fte aufbauen und die Erziehungshaltung st\u00e4rken. Entwickelte Symptome eines Familienmitglieds werden als Ausdruck eines Ungleichgewichtes im Familiensystem, bzw. als Wachstumsblockierung im gesamten System betrachtet und im System bearbeitet.<\/p>\n<ul>\n<li style=\"text-align: justify;\">bei Schwierigkeiten von Kindern und Jugendlichen (Entwicklungsverz\u00f6gerungen, Verhaltensauff\u00e4lligkeiten, St\u00f6rungen der Impulskontrolle, affektive St\u00f6rungen und Belastungsst\u00f6rungen, Essst\u00f6rungen, Schulprobleme)<\/li>\n<li style=\"text-align: justify;\">bei psychosomatischen Erscheinungsbildern<\/li>\n<li style=\"text-align: justify;\">bei Erziehungsfragen<\/li>\n<li style=\"text-align: justify;\">bei wiederkehrenden, andauernden Konflikten innerhalb der Familie<\/li>\n<li style=\"text-align: justify;\">bei Ver\u00e4nderungen der Partnerschaft: beruflicher Wiedereinstieg der Partnerin\/des Partners, Trennung, \u201eEmpty Nest\u201c, Pflege der Eltern<\/li>\n<\/ul>\n<p><img loading=\"lazy\" decoding=\"async\" class=\"alignnone size-full wp-image-268\" src=\"https:\/\/sabinesonnabend.de\/wp-content\/uploads\/2018\/05\/systemische_familienberatung_011.jpg\" alt=\"Systemische_Familienberatung_01\" width=\"1920\" height=\"1024\" srcset=\"https:\/\/sabinesonnabend.de\/wp-content\/uploads\/2018\/05\/systemische_familienberatung_011.jpg 1920w, https:\/\/sabinesonnabend.de\/wp-content\/uploads\/2018\/05\/systemische_familienberatung_011-300x160.jpg 300w, https:\/\/sabinesonnabend.de\/wp-content\/uploads\/2018\/05\/systemische_familienberatung_011-768x410.jpg 768w, https:\/\/sabinesonnabend.de\/wp-content\/uploads\/2018\/05\/systemische_familienberatung_011-1024x546.jpg 1024w, https:\/\/sabinesonnabend.de\/wp-content\/uploads\/2018\/05\/systemische_familienberatung_011-676x361.jpg 676w\" sizes=\"auto, (max-width: 1920px) 100vw, 1920px\" \/><\/p>\n","protected":false},"excerpt":{"rendered":"<p>Systemische Einzelberatung Das was wir sind, sind wir durch Beziehungen geworden. Unsere F\u00e4higkeiten und Ressourcen sind in Konflikt- und Krisensituationen \u00fcberlagert von blockierenden Erfahrungen, Glaubenss\u00e4tzen, Gef\u00fchlen und Wertvorstellungen. Kr\u00e4fte und Entwicklungsf\u00e4higkeiten scheinen verbaut. Systemische Beratung nimmt sensibel wahr, veranschaulicht durch erlebnisorientierte und visualisierende Methoden, wie z.B. mithilfe der Lebensflussarbeit und der Skulpturarbeit, schafft Klarheit, f\u00f6rdert &hellip; <a href=\"https:\/\/sabinesonnabend.de\/?page_id=33\" class=\"more-link\"><span class=\"screen-reader-text\">Therapie &#038; Beratung<\/span> weiterlesen<\/a><\/p>\n","protected":false},"author":1,"featured_media":0,"parent":0,"menu_order":0,"comment_status":"closed","ping_status":"closed","template":"nosidebar-page.php","meta":{"footnotes":""},"class_list":["post-33","page","type-page","status-publish","hentry"],"_links":{"self":[{"href":"https:\/\/sabinesonnabend.de\/index.php?rest_route=\/wp\/v2\/pages\/33","targetHints":{"allow":["GET"]}}],"collection":[{"href":"https:\/\/sabinesonnabend.de\/index.php?rest_route=\/wp\/v2\/pages"}],"about":[{"href":"https:\/\/sabinesonnabend.de\/index.php?rest_route=\/wp\/v2\/types\/page"}],"author":[{"embeddable":true,"href":"https:\/\/sabinesonnabend.de\/index.php?rest_route=\/wp\/v2\/users\/1"}],"replies":[{"embeddable":true,"href":"https:\/\/sabinesonnabend.de\/index.php?rest_route=%2Fwp%2Fv2%2Fcomments&post=33"}],"version-history":[{"count":1,"href":"https:\/\/sabinesonnabend.de\/index.php?rest_route=\/wp\/v2\/pages\/33\/revisions"}],"predecessor-version":[{"id":380,"href":"https:\/\/sabinesonnabend.de\/index.php?rest_route=\/wp\/v2\/pages\/33\/revisions\/380"}],"wp:attachment":[{"href":"https:\/\/sabinesonnabend.de\/index.php?rest_route=%2Fwp%2Fv2%2Fmedia&parent=33"}],"curies":[{"name":"wp","href":"https:\/\/api.w.org\/{rel}","templated":true}]}}