{"id":34,"date":"2018-05-22T07:32:48","date_gmt":"2018-05-22T07:32:48","guid":{"rendered":"https:\/\/sabinesonnabend.wordpress.com\/?page_id=3"},"modified":"2024-11-01T14:43:34","modified_gmt":"2024-11-01T14:43:34","slug":"kontakt","status":"publish","type":"page","link":"https:\/\/sabinesonnabend.de\/?page_id=34","title":{"rendered":"Kontakt"},"content":{"rendered":"<h3><span style=\"color: #800000;\">System und Familie \u2013 Sabine Sonnabend<\/span><\/h3>\n<p>eMail: <span style=\"color: #800000;\"><a style=\"color: #800000;\" href=\"mailto:info@sabinesonnabend.de\">info@sabinesonnabend.de<\/a><\/span><br \/>\nMobil: 0151-594 696 94<br \/>\nFax: 08143-444 877<\/p>\n<h3>Beratung in<\/h3>\n<p>Salzstra\u00dfe 10<br \/>\n82266 Inning am Ammersee<br \/>\nTel. 0151-594 696 94<br \/>\n<span style=\"color: #800000;\"><strong>und<\/strong><\/span><br \/>\nBunzlauerstra\u00dfe 23 \/ R\u00fcckgeb\u00e4ude<br \/>\n80992 M\u00fcnchen<br \/>\nTel. 0151-594 696 94<span style=\"color: #800000;\"><br \/>\n<strong>auch<\/strong><\/span><br \/>\nOnline Sitzungen per Zoom<\/p>\n<div class=\"caldera-grid\" id=\"caldera_form_1\" data-cf-ver=\"1.9.7\" data-cf-form-id=\"CF5b15727ae05db\"><div id=\"caldera_notices_1\" data-spinner=\"https:\/\/sabinesonnabend.de\/wp-admin\/images\/spinner.gif\"><\/div><form data-instance=\"1\" class=\"CF5b15727ae05db caldera_forms_form cfajax-trigger\" method=\"POST\" enctype=\"multipart\/form-data\" id=\"CF5b15727ae05db_1\" data-form-id=\"CF5b15727ae05db\" aria-label=\"Contact Form\" data-target=\"#caldera_notices_1\" data-template=\"#cfajax_CF5b15727ae05db-tmpl\" data-cfajax=\"CF5b15727ae05db\" data-load-element=\"_parent\" data-load-class=\"cf_processing\" data-post-disable=\"0\" data-action=\"cf_process_ajax_submit\" data-request=\"https:\/\/sabinesonnabend.de\/?cf_api=CF5b15727ae05db\" data-hiderows=\"true\">\r\n<input type=\"hidden\" id=\"_cf_verify_CF5b15727ae05db\" name=\"_cf_verify\" value=\"b285a7dcd9\"  data-nonce-time=\"1776670628\" \/><input type=\"hidden\" name=\"_wp_http_referer\" value=\"\/index.php?rest_route=%2Fwp%2Fv2%2Fpages%2F34\" \/><div id=\"cf2-CF5b15727ae05db_1\"><\/div><input type=\"hidden\" name=\"_cf_frm_id\" value=\"CF5b15727ae05db\">\r\n<input type=\"hidden\" name=\"_cf_frm_ct\" value=\"1\">\r\n<input type=\"hidden\" name=\"cfajax\" value=\"CF5b15727ae05db\">\r\n<input type=\"hidden\" name=\"_cf_cr_pst\" value=\"34\">\r\n<div class=\"hide\" style=\"display:none; overflow:hidden;height:0;width:0;\">\r\n<label>Twitter<\/label><input type=\"text\" name=\"twitter\" value=\"\" autocomplete=\"off\">\r\n<\/div><div id=\"CF5b15727ae05db_1-row-1\"  class=\"row  first_row\"><div  class=\"col-sm-4  first_col\"><div data-field-wrapper=\"fld_8768091\" class=\"form-group\" id=\"fld_8768091_1-wrap\">\r\n\t<label id=\"fld_8768091Label\" for=\"fld_8768091_1\" class=\"control-label\">Vorname <span aria-hidden=\"true\" role=\"presentation\" class=\"field_required\" style=\"color:#ee0000;\">*<\/span><\/label>\r\n\t<div class=\"\">\r\n\t\t<input   required type=\"text\" data-field=\"fld_8768091\" class=\" form-control\" id=\"fld_8768091_1\" name=\"fld_8768091\" value=\"\" data-type=\"text\" aria-required=\"true\"   aria-labelledby=\"fld_8768091Label\" >\t\t\t<\/div>\r\n<\/div>\r\n<\/div><div  class=\"col-sm-4 \"><div data-field-wrapper=\"fld_9970286\" class=\"form-group\" id=\"fld_9970286_1-wrap\">\r\n\t<label id=\"fld_9970286Label\" for=\"fld_9970286_1\" class=\"control-label\">Nachname <span aria-hidden=\"true\" role=\"presentation\" class=\"field_required\" style=\"color:#ee0000;\">*<\/span><\/label>\r\n\t<div class=\"\">\r\n\t\t<input   required type=\"text\" data-field=\"fld_9970286\" class=\" form-control\" id=\"fld_9970286_1\" name=\"fld_9970286\" value=\"\" data-type=\"text\" aria-required=\"true\"   aria-labelledby=\"fld_9970286Label\" >\t\t\t<\/div>\r\n<\/div>\r\n<\/div><div  class=\"col-sm-4  last_col\"><div data-field-wrapper=\"fld_6009157\" class=\"form-group\" id=\"fld_6009157_1-wrap\">\r\n\t<label id=\"fld_6009157Label\" for=\"fld_6009157_1\" class=\"control-label\">Email Adresse <span aria-hidden=\"true\" role=\"presentation\" class=\"field_required\" style=\"color:#ee0000;\">*<\/span><\/label>\r\n\t<div class=\"\">\r\n\t\t<input   required type=\"email\" data-field=\"fld_6009157\" class=\" form-control\" id=\"fld_6009157_1\" name=\"fld_6009157\" value=\"\" data-type=\"email\" aria-required=\"true\"   aria-labelledby=\"fld_6009157Label\" >\t\t\t<\/div>\r\n<\/div>\r\n<\/div><\/div><div id=\"CF5b15727ae05db_1-row-2\"  class=\"row \"><div  class=\"col-sm-12  single\"><div data-field-wrapper=\"fld_7683514\" class=\"form-group\" id=\"fld_7683514_1-wrap\">\r\n\t<label id=\"fld_7683514Label\" for=\"fld_7683514_1\" class=\"control-label\">Nachricht <span aria-hidden=\"true\" role=\"presentation\" class=\"field_required\" style=\"color:#ee0000;\">*<\/span><\/label>\r\n\t<div class=\"\">\r\n\t\t<textarea name=\"fld_7683514\" value=\"\" data-field=\"fld_7683514\" class=\"form-control\" id=\"fld_7683514_1\" rows=\"7\"  required=\"required\"  aria-labelledby=\"fld_7683514Label\" ><\/textarea>\n\t\t\t<\/div>\r\n<\/div>\r\n<\/div><\/div><div id=\"CF5b15727ae05db_1-row-3\"  class=\"row  last_row\"><div  class=\"col-sm-12  single\"><div data-field-wrapper=\"fld_7908577\" class=\"form-group\" id=\"fld_7908577_1-wrap\">\r\n<div class=\"\">\r\n\t<input  class=\"btn btn-default\" type=\"submit\" name=\"fld_7908577\" id=\"fld_7908577_1\" value=\"Send Message\" data-field=\"fld_7908577\"  >\n<\/div>\r\n<\/div>\r\n\t<input class=\"button_trigger_1\" type=\"hidden\" name=\"fld_7908577\" id=\"fld_7908577_1_btn\" value=\"\" data-field=\"fld_7908577\"  \/>\n<\/div><\/div><\/form>\r\n<\/div>\r\n\n<p>Ich bin damit einverstanden, dass meine oben eingegebenen Daten gespeichert, \u00fcbermittelt und zum Zweck der Kontaktaufnahme verwendet werden. Mit jeglicher weiteren Verwendung bin ich nicht einverstanden. Die Hinweise zum Datenschutz (siehe Impressum) habe ich gelesen und akzeptiere sie.<\/p>\n","protected":false},"excerpt":{"rendered":"<p>System und Familie \u2013 Sabine Sonnabend eMail: info@sabinesonnabend.de Mobil: 0151-594 696 94 Fax: 08143-444 877 Beratung in Salzstra\u00dfe 10 82266 Inning am Ammersee Tel. 0151-594 696 94 und Bunzlauerstra\u00dfe 23 \/ R\u00fcckgeb\u00e4ude 80992 M\u00fcnchen Tel. 0151-594 696 94 auch Online Sitzungen per Zoom Ich bin damit einverstanden, dass meine oben eingegebenen Daten gespeichert, \u00fcbermittelt und &hellip; <a href=\"https:\/\/sabinesonnabend.de\/?page_id=34\" class=\"more-link\"><span class=\"screen-reader-text\">Kontakt<\/span> weiterlesen<\/a><\/p>\n","protected":false},"author":1,"featured_media":0,"parent":0,"menu_order":2,"comment_status":"closed","ping_status":"closed","template":"nosidebar-page.php","meta":{"footnotes":""},"class_list":["post-34","page","type-page","status-publish","hentry"],"_links":{"self":[{"href":"https:\/\/sabinesonnabend.de\/index.php?rest_route=\/wp\/v2\/pages\/34","targetHints":{"allow":["GET"]}}],"collection":[{"href":"https:\/\/sabinesonnabend.de\/index.php?rest_route=\/wp\/v2\/pages"}],"about":[{"href":"https:\/\/sabinesonnabend.de\/index.php?rest_route=\/wp\/v2\/types\/page"}],"author":[{"embeddable":true,"href":"https:\/\/sabinesonnabend.de\/index.php?rest_route=\/wp\/v2\/users\/1"}],"replies":[{"embeddable":true,"href":"https:\/\/sabinesonnabend.de\/index.php?rest_route=%2Fwp%2Fv2%2Fcomments&post=34"}],"version-history":[{"count":16,"href":"https:\/\/sabinesonnabend.de\/index.php?rest_route=\/wp\/v2\/pages\/34\/revisions"}],"predecessor-version":[{"id":428,"href":"https:\/\/sabinesonnabend.de\/index.php?rest_route=\/wp\/v2\/pages\/34\/revisions\/428"}],"wp:attachment":[{"href":"https:\/\/sabinesonnabend.de\/index.php?rest_route=%2Fwp%2Fv2%2Fmedia&parent=34"}],"curies":[{"name":"wp","href":"https:\/\/api.w.org\/{rel}","templated":true}]}}