{"id":68,"date":"2018-05-22T13:18:44","date_gmt":"2018-05-22T13:18:44","guid":{"rendered":"https:\/\/sabinesonnabend.wordpress.com\/?page_id=68"},"modified":"2024-11-01T14:34:59","modified_gmt":"2024-11-01T14:34:59","slug":"seminare-vortraege","status":"publish","type":"page","link":"https:\/\/sabinesonnabend.de\/?page_id=68","title":{"rendered":"Zertifizierte Mediation"},"content":{"rendered":"<p style=\"text-align: justify;\">In Konfliktsituationen, in denen eine Einigung aussichtslos erscheint und die Beschreitung des Rechtsweges in Betracht gezogen wird, ist die Mediation als strukturiertes au\u00dfergerichtliches Vermittlungsverfahren eine hilfreiche und kosteng\u00fcnstige Alternative. Im Mediationsverfahren werden die Interessen und Bed\u00fcrfnisse, die hinter dem Konflikt versteckt sind, f\u00fcr die Konfliktparteien wieder erkennbar und damit verhandelbar. Das Herzst\u00fcck der Mediation ist der Ausgleich der gegenseitigen Interessen. Es werden die bestm\u00f6glichen L\u00f6sungen anvisiert, um eine Win-Win-Situation zu erzielen.<\/p>\n<h3>Ich biete Mediation in folgenden Konflikten<\/h3>\n<p>\u2022 in Partnerschaft und Ehe<br \/>\n\u2022 in Eltern-Kind-Beziehungen und Geschwister-Beziehungen<br \/>\n\u2022 in Patchwork-Familien<br \/>\n\u2022 bei Trennung und Scheidung<br \/>\n\u2022 in Nachbarschaftsbeziehungen<br \/>\n\u2022 bei Erbschaftsangelegenheiten<br \/>\n\u2022 in Arbeitsbeziehungen<\/p>\n<h3><span style=\"color: #800000;\">\u201eProbleme kann man niemals mit derselben Denkweise l\u00f6sen, durch die sie entstanden sind.\u201c <\/span><\/h3>\n<p><strong><span style=\"color: #000000;\">Albert Einstein<\/span><\/strong><\/p>\n<p><span style=\"color: #800000;\">\u00a0<\/span><\/p>\n<p><img loading=\"lazy\" decoding=\"async\" class=\"alignnone size-full wp-image-265\" src=\"https:\/\/sabinesonnabend.de\/wp-content\/uploads\/2018\/05\/sabine-bild-2_02.jpg\" alt=\"Sabine-Bild-2_02\" width=\"1920\" height=\"1134\" srcset=\"https:\/\/sabinesonnabend.de\/wp-content\/uploads\/2018\/05\/sabine-bild-2_02.jpg 1920w, https:\/\/sabinesonnabend.de\/wp-content\/uploads\/2018\/05\/sabine-bild-2_02-300x177.jpg 300w, https:\/\/sabinesonnabend.de\/wp-content\/uploads\/2018\/05\/sabine-bild-2_02-768x454.jpg 768w, https:\/\/sabinesonnabend.de\/wp-content\/uploads\/2018\/05\/sabine-bild-2_02-1024x605.jpg 1024w, https:\/\/sabinesonnabend.de\/wp-content\/uploads\/2018\/05\/sabine-bild-2_02-676x399.jpg 676w\" sizes=\"auto, (max-width: 1920px) 100vw, 1920px\" \/><\/p>\n<p style=\"padding-left: 30px;\">\n","protected":false},"excerpt":{"rendered":"<p>In Konfliktsituationen, in denen eine Einigung aussichtslos erscheint und die Beschreitung des Rechtsweges in Betracht gezogen wird, ist die Mediation als strukturiertes au\u00dfergerichtliches Vermittlungsverfahren eine hilfreiche und kosteng\u00fcnstige Alternative. Im Mediationsverfahren werden die Interessen und Bed\u00fcrfnisse, die hinter dem Konflikt versteckt sind, f\u00fcr die Konfliktparteien wieder erkennbar und damit verhandelbar. Das Herzst\u00fcck der Mediation ist &hellip; <a href=\"https:\/\/sabinesonnabend.de\/?page_id=68\" class=\"more-link\"><span class=\"screen-reader-text\">Zertifizierte Mediation<\/span> weiterlesen<\/a><\/p>\n","protected":false},"author":1,"featured_media":0,"parent":0,"menu_order":0,"comment_status":"closed","ping_status":"closed","template":"nosidebar-page.php","meta":{"footnotes":""},"class_list":["post-68","page","type-page","status-publish","hentry"],"_links":{"self":[{"href":"https:\/\/sabinesonnabend.de\/index.php?rest_route=\/wp\/v2\/pages\/68","targetHints":{"allow":["GET"]}}],"collection":[{"href":"https:\/\/sabinesonnabend.de\/index.php?rest_route=\/wp\/v2\/pages"}],"about":[{"href":"https:\/\/sabinesonnabend.de\/index.php?rest_route=\/wp\/v2\/types\/page"}],"author":[{"embeddable":true,"href":"https:\/\/sabinesonnabend.de\/index.php?rest_route=\/wp\/v2\/users\/1"}],"replies":[{"embeddable":true,"href":"https:\/\/sabinesonnabend.de\/index.php?rest_route=%2Fwp%2Fv2%2Fcomments&post=68"}],"version-history":[{"count":8,"href":"https:\/\/sabinesonnabend.de\/index.php?rest_route=\/wp\/v2\/pages\/68\/revisions"}],"predecessor-version":[{"id":425,"href":"https:\/\/sabinesonnabend.de\/index.php?rest_route=\/wp\/v2\/pages\/68\/revisions\/425"}],"wp:attachment":[{"href":"https:\/\/sabinesonnabend.de\/index.php?rest_route=%2Fwp%2Fv2%2Fmedia&parent=68"}],"curies":[{"name":"wp","href":"https:\/\/api.w.org\/{rel}","templated":true}]}}