{"id":83,"date":"2018-05-22T13:29:49","date_gmt":"2018-05-22T13:29:49","guid":{"rendered":"https:\/\/sabinesonnabend.wordpress.com\/?page_id=83"},"modified":"2024-11-01T14:37:56","modified_gmt":"2024-11-01T14:37:56","slug":"ueber-mich","status":"publish","type":"page","link":"https:\/\/sabinesonnabend.de\/?page_id=83","title":{"rendered":"\u00dcber mich"},"content":{"rendered":"<p style=\"text-align: justify;\">Mein Name ist Sabine Sonnabend. Ich bin 1969 in Sch\u00f6nsee i.d. Oberpfalz geboren. Ich habe zwei erwachsene Kinder und lebe mit meinem Mann am Ammersee.<\/p>\n<p style=\"text-align: justify;\">Aufbauend auf meine Ausbildung zur staatlich anerkannten Ergotherapeutin in M\u00fcnchen und einer umfangreichen Berufserfahrung in Kliniken und Freien Praxen, begleite und unterst\u00fctze ich seitdem Einzelpersonen, Familien und deren Kinder in der R\u00fcckgewinnung bzw. Erweiterung ihrer Handlungsf\u00e4higkeit. Nachhaltige Ver\u00e4nderung und Entwicklung geschieht im System. L\u00f6sungsfokussierung und Ressourcenorientierung sind dabei die Blickrichtung um die Klienten und die Familien zu ermutigen und zu st\u00e4rken.<\/p>\n<p><img loading=\"lazy\" decoding=\"async\" class=\"alignnone size-full wp-image-96\" src=\"https:\/\/sabinesonnabend.de\/wp-content\/uploads\/2018\/05\/impressionen_raum.jpg\" alt=\"Impressionen_Raum\" width=\"1920\" height=\"1134\" srcset=\"https:\/\/sabinesonnabend.de\/wp-content\/uploads\/2018\/05\/impressionen_raum.jpg 1920w, https:\/\/sabinesonnabend.de\/wp-content\/uploads\/2018\/05\/impressionen_raum-300x177.jpg 300w, https:\/\/sabinesonnabend.de\/wp-content\/uploads\/2018\/05\/impressionen_raum-768x454.jpg 768w, https:\/\/sabinesonnabend.de\/wp-content\/uploads\/2018\/05\/impressionen_raum-1024x605.jpg 1024w, https:\/\/sabinesonnabend.de\/wp-content\/uploads\/2018\/05\/impressionen_raum-676x399.jpg 676w\" sizes=\"auto, (max-width: 1920px) 100vw, 1920px\" \/><\/p>\n<p style=\"text-align: justify;\">Therapie und Beratung sehe ich als einen wertsch\u00e4tzenden Prozess, orientiert an den an mich gestellten Auftrag, in Richtung Leichtigkeit, Gelassenheit, Freude und Tatkraft.<\/p>\n<p style=\"text-align: justify;\">Der Systemische Ansatz in Therapie und Beratung ist wie eine Schatzkiste: Systemisches Arbeiten st\u00e4rkt die Beziehung, verbindet und integriert, l\u00e4sst Sprache erlebbar werden, schafft Bewusstheit \u00fcber unser Handeln, st\u00e4rkt die Intuition und die L\u00f6sungsf\u00e4higkeit, setzt Kr\u00e4fte und F\u00e4higkeiten frei, die die individuelle Entwicklung aktiviert.<\/p>\n<p style=\"text-align: justify;\">Unter Einbindung meiner systemischen Kernkompetenz unterst\u00fctze ich Sie und Ihre Konfliktpartei als Mediatorin darin, in herausfordernden pers\u00f6nlichen sowie beruflichen Konflikten einen Ausgleich Ihrer gegenseitigen Interessen zu entwickeln.<\/p>\n<h3><span style=\"color: #800000;\">Aus- und Weiterbildungen<\/span><\/h3>\n<p style=\"text-align: justify;\"><span style=\"color: #993300;\"><strong>1991 <\/strong><\/span>Ausbildung zur staatlich anerkannten Ergotherapeutin (St\u00e4dtische Berufsfachschule f\u00fcr Ergotherapie M\u00fcnchen)<\/p>\n<p style=\"text-align: justify;\"><span style=\"color: #993300;\"><strong>1998 <\/strong><\/span>Weiterbildung zur Systemischen Beraterin (Manuel Barthelme\u00df, Professionale Sozialarbeit Bamberg) Systemische Seminare bei Peter Nemetschek, Insoo Kim Berg, Ben Furman, Brigitte L\u00e4mmle<\/p>\n<p style=\"text-align: justify;\"><span style=\"color: #993300;\"><strong>2007 <\/strong><\/span>Abschluss der Zusatzausbildung in Rhythmik \u2013 Integrative Bewegungs- und Musikp\u00e4dagogik (Institut Rhythmikon M\u00fcnchen)<\/p>\n<p style=\"text-align: justify;\"><span style=\"color: #993300;\"><strong>2017 <\/strong><\/span>Abschluss der Ausbildung zur Systemischen Paar- und Familientherapeutin (vft M\u00fcnchen) zertifiziert, durch die\u00a0 Deutsche Gesellschaft f\u00fcr Systemische Therapie, Beratung und Familientherapie (DGSF)<\/p>\n<p><span style=\"color: #993300;\"><strong>2024 <\/strong><\/span>Abschluss der Ausbildung zur Mediatorin (Eidos 2.0 &#8211; Institut f\u00fcr Mediation M\u00fcnchen)<\/p>\n","protected":false},"excerpt":{"rendered":"<p>Mein Name ist Sabine Sonnabend. Ich bin 1969 in Sch\u00f6nsee i.d. Oberpfalz geboren. Ich habe zwei erwachsene Kinder und lebe mit meinem Mann am Ammersee. Aufbauend auf meine Ausbildung zur staatlich anerkannten Ergotherapeutin in M\u00fcnchen und einer umfangreichen Berufserfahrung in Kliniken und Freien Praxen, begleite und unterst\u00fctze ich seitdem Einzelpersonen, Familien und deren Kinder in &hellip; <a href=\"https:\/\/sabinesonnabend.de\/?page_id=83\" class=\"more-link\"><span class=\"screen-reader-text\">\u00dcber mich<\/span> weiterlesen<\/a><\/p>\n","protected":false},"author":1,"featured_media":0,"parent":0,"menu_order":0,"comment_status":"closed","ping_status":"closed","template":"nosidebar-page.php","meta":{"footnotes":""},"class_list":["post-83","page","type-page","status-publish","hentry"],"_links":{"self":[{"href":"https:\/\/sabinesonnabend.de\/index.php?rest_route=\/wp\/v2\/pages\/83","targetHints":{"allow":["GET"]}}],"collection":[{"href":"https:\/\/sabinesonnabend.de\/index.php?rest_route=\/wp\/v2\/pages"}],"about":[{"href":"https:\/\/sabinesonnabend.de\/index.php?rest_route=\/wp\/v2\/types\/page"}],"author":[{"embeddable":true,"href":"https:\/\/sabinesonnabend.de\/index.php?rest_route=\/wp\/v2\/users\/1"}],"replies":[{"embeddable":true,"href":"https:\/\/sabinesonnabend.de\/index.php?rest_route=%2Fwp%2Fv2%2Fcomments&post=83"}],"version-history":[{"count":7,"href":"https:\/\/sabinesonnabend.de\/index.php?rest_route=\/wp\/v2\/pages\/83\/revisions"}],"predecessor-version":[{"id":426,"href":"https:\/\/sabinesonnabend.de\/index.php?rest_route=\/wp\/v2\/pages\/83\/revisions\/426"}],"wp:attachment":[{"href":"https:\/\/sabinesonnabend.de\/index.php?rest_route=%2Fwp%2Fv2%2Fmedia&parent=83"}],"curies":[{"name":"wp","href":"https:\/\/api.w.org\/{rel}","templated":true}]}}